{"id":10,"date":"2021-09-10T14:32:49","date_gmt":"2021-09-10T12:32:49","guid":{"rendered":"https:\/\/sodis-2021.prev.artwai.fr\/?page_id=10"},"modified":"2024-04-10T14:03:39","modified_gmt":"2024-04-10T12:03:39","slug":"accueil","status":"publish","type":"page","link":"https:\/\/sodis-2021.prev.artwai.fr\/en\/","title":{"rendered":"SODALEC DISTRIBUTION\u00a0: Partner of your livestock \/ farm"},"content":{"rendered":"","protected":false},"excerpt":{"rendered":"","protected":false},"author":7,"featured_media":2030,"parent":0,"menu_order":0,"comment_status":"closed","ping_status":"closed","template":"page-templates\/advanced.php","meta":{"_acf_changed":false,"footnotes":""},"class_list":["post-10","page","type-page","status-publish","has-post-thumbnail","hentry"],"acf":[],"yoast_head":"<!-- This site is optimized with the Yoast SEO plugin v26.6 - https:\/\/yoast.com\/wordpress\/plugins\/seo\/ -->\n<title>SODALEC DISTRIBUTION\u00a0: Partner of your livestock \/ farm - SODIS<\/title>\n<meta name=\"description\" content=\"SODALEC DISTRIBUTION : Partenaire de votre \u00e9levage, notre soci\u00e9t\u00e9 imagine, con\u00e7oit et r\u00e9alise des mat\u00e9riels performants qui facilitent et optimisent votre \u00e9levage, pour le bien-\u00eatre de tous.\" \/>\n<meta name=\"robots\" content=\"index, follow, max-snippet:-1, max-image-preview:large, max-video-preview:-1\" \/>\n<link rel=\"canonical\" href=\"https:\/\/sodis-2021.prev.artwai.fr\/en\/\" \/>\n<meta property=\"og:locale\" content=\"en_US\" \/>\n<meta property=\"og:type\" content=\"article\" \/>\n<meta property=\"og:title\" content=\"SODALEC DISTRIBUTION\u00a0: Partner of your livestock \/ farm - SODIS\" \/>\n<meta property=\"og:description\" content=\"SODALEC DISTRIBUTION : Partenaire de votre \u00e9levage, notre soci\u00e9t\u00e9 imagine, con\u00e7oit et r\u00e9alise des mat\u00e9riels performants qui facilitent et optimisent votre \u00e9levage, pour le bien-\u00eatre de tous.\" \/>\n<meta property=\"og:url\" content=\"https:\/\/sodis-2021.prev.artwai.fr\/en\/\" \/>\n<meta property=\"og:site_name\" content=\"SODIS\" \/>\n<meta property=\"article:publisher\" content=\"https:\/\/www.facebook.com\/sodalec\/\" \/>\n<meta property=\"article:modified_time\" content=\"2024-04-10T12:03:39+00:00\" \/>\n<meta property=\"og:image\" content=\"https:\/\/sodis-2021.prev.artwai.fr\/wp-content\/uploads\/2022\/08\/Eleveur-volaille.jpeg\" \/>\n\t<meta property=\"og:image:width\" content=\"1920\" \/>\n\t<meta property=\"og:image:height\" content=\"1280\" \/>\n\t<meta property=\"og:image:type\" content=\"image\/jpeg\" \/>\n<meta name=\"twitter:card\" content=\"summary_large_image\" \/>\n<meta name=\"twitter:label1\" content=\"Est. reading time\" \/>\n\t<meta name=\"twitter:data1\" content=\"1 minute\" \/>\n<script type=\"application\/ld+json\" class=\"yoast-schema-graph\">{\"@context\":\"https:\/\/schema.org\",\"@graph\":[{\"@type\":\"WebPage\",\"@id\":\"https:\/\/sodis-2021.prev.artwai.fr\/en\/\",\"url\":\"https:\/\/sodis-2021.prev.artwai.fr\/en\/\",\"name\":\"SODALEC DISTRIBUTION\u00a0: Partner of your livestock \/ farm - SODIS\",\"isPartOf\":{\"@id\":\"https:\/\/sodis-2021.prev.artwai.fr\/en\/#website\"},\"primaryImageOfPage\":{\"@id\":\"https:\/\/sodis-2021.prev.artwai.fr\/en\/#primaryimage\"},\"image\":{\"@id\":\"https:\/\/sodis-2021.prev.artwai.fr\/en\/#primaryimage\"},\"thumbnailUrl\":\"https:\/\/sodis-2021.prev.artwai.fr\/wp-content\/uploads\/2022\/08\/Eleveur-volaille.jpeg\",\"datePublished\":\"2021-09-10T12:32:49+00:00\",\"dateModified\":\"2024-04-10T12:03:39+00:00\",\"description\":\"SODALEC DISTRIBUTION : Partenaire de votre \u00e9levage, notre soci\u00e9t\u00e9 imagine, con\u00e7oit et r\u00e9alise des mat\u00e9riels performants qui facilitent et optimisent votre \u00e9levage, pour le bien-\u00eatre de tous.\",\"breadcrumb\":{\"@id\":\"https:\/\/sodis-2021.prev.artwai.fr\/en\/#breadcrumb\"},\"inLanguage\":\"en-US\",\"potentialAction\":[{\"@type\":\"ReadAction\",\"target\":[\"https:\/\/sodis-2021.prev.artwai.fr\/en\/\"]}]},{\"@type\":\"ImageObject\",\"inLanguage\":\"en-US\",\"@id\":\"https:\/\/sodis-2021.prev.artwai.fr\/en\/#primaryimage\",\"url\":\"https:\/\/sodis-2021.prev.artwai.fr\/wp-content\/uploads\/2022\/08\/Eleveur-volaille.jpeg\",\"contentUrl\":\"https:\/\/sodis-2021.prev.artwai.fr\/wp-content\/uploads\/2022\/08\/Eleveur-volaille.jpeg\",\"width\":1920,\"height\":1280,\"caption\":\"Eleveur volaille\"},{\"@type\":\"BreadcrumbList\",\"@id\":\"https:\/\/sodis-2021.prev.artwai.fr\/en\/#breadcrumb\",\"itemListElement\":[{\"@type\":\"ListItem\",\"position\":1,\"name\":\"Home\",\"item\":\"https:\/\/sodis-2021.prev.artwai.fr\/en\/\"},{\"@type\":\"ListItem\",\"position\":2,\"name\":\"SODALEC DISTRIBUTION\u00a0: Partner of your livestock \/ farm\"}]},{\"@type\":\"WebSite\",\"@id\":\"https:\/\/sodis-2021.prev.artwai.fr\/en\/#website\",\"url\":\"https:\/\/sodis-2021.prev.artwai.fr\/en\/\",\"name\":\"SODIS\",\"description\":\"\",\"potentialAction\":[{\"@type\":\"SearchAction\",\"target\":{\"@type\":\"EntryPoint\",\"urlTemplate\":\"https:\/\/sodis-2021.prev.artwai.fr\/en\/?s={search_term_string}\"},\"query-input\":{\"@type\":\"PropertyValueSpecification\",\"valueRequired\":true,\"valueName\":\"search_term_string\"}}],\"inLanguage\":\"en-US\"}]}<\/script>\n<!-- \/ Yoast SEO plugin. -->","yoast_head_json":{"title":"SODALEC DISTRIBUTION\u00a0: Partner of your livestock \/ farm - SODIS","description":"SODALEC DISTRIBUTION : Partenaire de votre \u00e9levage, notre soci\u00e9t\u00e9 imagine, con\u00e7oit et r\u00e9alise des mat\u00e9riels performants qui facilitent et optimisent votre \u00e9levage, pour le bien-\u00eatre de tous.","robots":{"index":"index","follow":"follow","max-snippet":"max-snippet:-1","max-image-preview":"max-image-preview:large","max-video-preview":"max-video-preview:-1"},"canonical":"https:\/\/sodis-2021.prev.artwai.fr\/en\/","og_locale":"en_US","og_type":"article","og_title":"SODALEC DISTRIBUTION\u00a0: Partner of your livestock \/ farm - SODIS","og_description":"SODALEC DISTRIBUTION : Partenaire de votre \u00e9levage, notre soci\u00e9t\u00e9 imagine, con\u00e7oit et r\u00e9alise des mat\u00e9riels performants qui facilitent et optimisent votre \u00e9levage, pour le bien-\u00eatre de tous.","og_url":"https:\/\/sodis-2021.prev.artwai.fr\/en\/","og_site_name":"SODIS","article_publisher":"https:\/\/www.facebook.com\/sodalec\/","article_modified_time":"2024-04-10T12:03:39+00:00","og_image":[{"width":1920,"height":1280,"url":"https:\/\/sodis-2021.prev.artwai.fr\/wp-content\/uploads\/2022\/08\/Eleveur-volaille.jpeg","type":"image\/jpeg"}],"twitter_card":"summary_large_image","twitter_misc":{"Est. reading time":"1 minute"},"schema":{"@context":"https:\/\/schema.org","@graph":[{"@type":"WebPage","@id":"https:\/\/sodis-2021.prev.artwai.fr\/en\/","url":"https:\/\/sodis-2021.prev.artwai.fr\/en\/","name":"SODALEC DISTRIBUTION\u00a0: Partner of your livestock \/ farm - SODIS","isPartOf":{"@id":"https:\/\/sodis-2021.prev.artwai.fr\/en\/#website"},"primaryImageOfPage":{"@id":"https:\/\/sodis-2021.prev.artwai.fr\/en\/#primaryimage"},"image":{"@id":"https:\/\/sodis-2021.prev.artwai.fr\/en\/#primaryimage"},"thumbnailUrl":"https:\/\/sodis-2021.prev.artwai.fr\/wp-content\/uploads\/2022\/08\/Eleveur-volaille.jpeg","datePublished":"2021-09-10T12:32:49+00:00","dateModified":"2024-04-10T12:03:39+00:00","description":"SODALEC DISTRIBUTION : Partenaire de votre \u00e9levage, notre soci\u00e9t\u00e9 imagine, con\u00e7oit et r\u00e9alise des mat\u00e9riels performants qui facilitent et optimisent votre \u00e9levage, pour le bien-\u00eatre de tous.","breadcrumb":{"@id":"https:\/\/sodis-2021.prev.artwai.fr\/en\/#breadcrumb"},"inLanguage":"en-US","potentialAction":[{"@type":"ReadAction","target":["https:\/\/sodis-2021.prev.artwai.fr\/en\/"]}]},{"@type":"ImageObject","inLanguage":"en-US","@id":"https:\/\/sodis-2021.prev.artwai.fr\/en\/#primaryimage","url":"https:\/\/sodis-2021.prev.artwai.fr\/wp-content\/uploads\/2022\/08\/Eleveur-volaille.jpeg","contentUrl":"https:\/\/sodis-2021.prev.artwai.fr\/wp-content\/uploads\/2022\/08\/Eleveur-volaille.jpeg","width":1920,"height":1280,"caption":"Eleveur volaille"},{"@type":"BreadcrumbList","@id":"https:\/\/sodis-2021.prev.artwai.fr\/en\/#breadcrumb","itemListElement":[{"@type":"ListItem","position":1,"name":"Home","item":"https:\/\/sodis-2021.prev.artwai.fr\/en\/"},{"@type":"ListItem","position":2,"name":"SODALEC DISTRIBUTION\u00a0: Partner of your livestock \/ farm"}]},{"@type":"WebSite","@id":"https:\/\/sodis-2021.prev.artwai.fr\/en\/#website","url":"https:\/\/sodis-2021.prev.artwai.fr\/en\/","name":"SODIS","description":"","potentialAction":[{"@type":"SearchAction","target":{"@type":"EntryPoint","urlTemplate":"https:\/\/sodis-2021.prev.artwai.fr\/en\/?s={search_term_string}"},"query-input":{"@type":"PropertyValueSpecification","valueRequired":true,"valueName":"search_term_string"}}],"inLanguage":"en-US"}]}},"_links":{"self":[{"href":"https:\/\/sodis-2021.prev.artwai.fr\/en\/wp-json\/wp\/v2\/pages\/10","targetHints":{"allow":["GET"]}}],"collection":[{"href":"https:\/\/sodis-2021.prev.artwai.fr\/en\/wp-json\/wp\/v2\/pages"}],"about":[{"href":"https:\/\/sodis-2021.prev.artwai.fr\/en\/wp-json\/wp\/v2\/types\/page"}],"author":[{"embeddable":true,"href":"https:\/\/sodis-2021.prev.artwai.fr\/en\/wp-json\/wp\/v2\/users\/7"}],"replies":[{"embeddable":true,"href":"https:\/\/sodis-2021.prev.artwai.fr\/en\/wp-json\/wp\/v2\/comments?post=10"}],"version-history":[{"count":14,"href":"https:\/\/sodis-2021.prev.artwai.fr\/en\/wp-json\/wp\/v2\/pages\/10\/revisions"}],"predecessor-version":[{"id":4115,"href":"https:\/\/sodis-2021.prev.artwai.fr\/en\/wp-json\/wp\/v2\/pages\/10\/revisions\/4115"}],"wp:featuredmedia":[{"embeddable":true,"href":"https:\/\/sodis-2021.prev.artwai.fr\/en\/wp-json\/wp\/v2\/media\/2030"}],"wp:attachment":[{"href":"https:\/\/sodis-2021.prev.artwai.fr\/en\/wp-json\/wp\/v2\/media?parent=10"}],"curies":[{"name":"wp","href":"https:\/\/api.w.org\/{rel}","templated":true}]}}